{"id":2,"date":"2021-04-08T11:52:31","date_gmt":"2021-04-08T09:52:31","guid":{"rendered":"https:\/\/www.carmelocelona.com\/?page_id=2"},"modified":"2021-12-05T18:26:17","modified_gmt":"2021-12-05T17:26:17","slug":"pagina-di-esempio","status":"publish","type":"page","link":"https:\/\/www.carmelocelona.com\/index.php\/pagina-di-esempio\/","title":{"rendered":"Profilo"},"content":{"rendered":"<div id=\"attachment_166\" style=\"width: 273px\" class=\"wp-caption alignnone\"><img loading=\"lazy\" decoding=\"async\" aria-describedby=\"caption-attachment-166\" class=\"size-medium wp-image-166\" src=\"http:\/\/www.carmelocelona.com\/wp-content\/uploads\/2021\/08\/2015-9a-263x300.jpg\" alt=\"arch. Carmelo Celona\" width=\"263\" height=\"300\" srcset=\"https:\/\/www.carmelocelona.com\/wp-content\/uploads\/2021\/08\/2015-9a-263x300.jpg 263w, https:\/\/www.carmelocelona.com\/wp-content\/uploads\/2021\/08\/2015-9a-898x1024.jpg 898w, https:\/\/www.carmelocelona.com\/wp-content\/uploads\/2021\/08\/2015-9a-768x875.jpg 768w, https:\/\/www.carmelocelona.com\/wp-content\/uploads\/2021\/08\/2015-9a-1348x1536.jpg 1348w, https:\/\/www.carmelocelona.com\/wp-content\/uploads\/2021\/08\/2015-9a-480x547.jpg 480w, https:\/\/www.carmelocelona.com\/wp-content\/uploads\/2021\/08\/2015-9a-1200x1368.jpg 1200w, https:\/\/www.carmelocelona.com\/wp-content\/uploads\/2021\/08\/2015-9a.jpg 1453w\" sizes=\"(max-width: 263px) 100vw, 263px\" \/><p id=\"caption-attachment-166\" class=\"wp-caption-text\"><strong style=\"font-size: 16px;\">Carmelo Celona\u00a0<\/strong><\/p><\/div>\n<p>laureato in architettura con indirizzo in pianificazione urbanistica,<\/p>\n<p>Specializzato in Diagnostica Urbana e Territoriale<\/p>\n<p>\u00e8 stato:<\/p>\n<ul>\n<li>direttore tecnico presso il \u201c<em>Dipartimento Edilizia Privata<\/em>\u201d del Comune di Messina;<\/li>\n<li>direttore tecnico presso il \u201c<em>Dipartimento Pianificazione Urbanistica<\/em>\u201d del Comune di Messina;<\/li>\n<li>direttore del &#8220;<em>Servizio di Valorizzazione del Patrimonio Artistico e Culturale del Citt\u00e0 di Messina<\/em>&#8220;;<\/li>\n<li>direttore della \u201c<em>G.A.M.M.<\/em><em> Galleria d\u2019Arte Moderna e Contemporanea di Messina<\/em>\u201d;<\/li>\n<li>direttore tecnico presso il Dipartimento Opere Pubbliche del Comune di Messina<\/li>\n<\/ul>\n<p>\u00e8 membro:<\/p>\n<p>del <em>Comitato Scientifico<\/em> del <strong>C.E.T.R.I.<\/strong> \u201c<strong><em>Cercule Europ\u00e8en pour la Troisi\u00e8me R\u00e8valution Industrielle\u201d; <\/em><\/strong><\/p>\n<p>del<em> Comitato Scientifico di <strong>Legambiente Sicilia<\/strong><\/em>;<\/p>\n<p>del Co. RE.P.A. Sicilia (<strong>Consulta Regionale per il Paesaggio e l\u2019Ambiente<\/strong>)<\/p>\n<p>del C.T.S.D<strong>. Consulta Tecnico Scientifica contro la Desertificazione<\/strong><\/p>\n<p>gi\u00e0 membro del Comitato Scientifico dell\u2019<strong>I.N.B.A.R.<\/strong> \u201c<strong><em>Istituto Nazionale di Bioarchitettura<\/em><\/strong>\u201d;<\/p>\n<p>\u00e8<\/p>\n<p>Presidente della <em>Societ\u00e0 Scientifica e del Comitato Nazionale<\/em> dell\u2019<strong><em>iBAS \u201cper i Borghi ad Armonia Sociale\u201d. <\/em><\/strong><\/p>\n<p><em>Coordinatore Scientifico di Laboratori Interdisciplinari per il Ri.U.So. di centri storici e borghi antichi in Italia e in Sicilia. <\/em><\/p>\n<p>Esperto di Pianificazione Territoriale Strategia ad Approccio Interdisciplinare; Riabilitazione Urbana Sostenibile di Centri Storici; Progettazione Partecipata; Riqualificazione Urbana e Territoriale; Mitigazione dei Rischi Antropici e Naturali; Rigenerazione Urbana Sostenibile; Restauro Urbano e Architettonico. Storico critico dell\u2019Urbanistica, dell\u2019Architettura e dell\u2019Arte.<\/p>\n<p>Ha sviluppato notevoli esperienze: nel campo della critica e della semiotica dei linguaggi urbani e architettonici, della riqualificazione urbana e del restauro architettonico.<\/p>\n<p>Autore di pubblicazioni ed articoli in riviste specializzate, tiene convegni e seminari in ambiti disciplinari che spaziano da quello scientifico a quello architettonico, da quello artistico a quello semiotico, da quello urbanistico a quello storico critico.<\/p>\n<p>Collabora con alcuni giornali on line come opinionista (blogger) e svolge attivit\u00e0 di docenza presso vari istituti.<\/p>\n<p>&nbsp;<\/p>\n","protected":false},"excerpt":{"rendered":"<p>laureato in architettura con indirizzo in pianificazione urbanistica, Specializzato in Diagnostica Urbana e Territoriale \u00e8 stato: direttore tecnico presso il \u201cDipartimento Edilizia Privata\u201d del Comune di Messina; direttore tecnico presso<\/p>\n","protected":false},"author":1,"featured_media":0,"parent":0,"menu_order":0,"comment_status":"closed","ping_status":"open","template":"","meta":{"footnotes":""},"_links":{"self":[{"href":"https:\/\/www.carmelocelona.com\/index.php\/wp-json\/wp\/v2\/pages\/2"}],"collection":[{"href":"https:\/\/www.carmelocelona.com\/index.php\/wp-json\/wp\/v2\/pages"}],"about":[{"href":"https:\/\/www.carmelocelona.com\/index.php\/wp-json\/wp\/v2\/types\/page"}],"author":[{"embeddable":true,"href":"https:\/\/www.carmelocelona.com\/index.php\/wp-json\/wp\/v2\/users\/1"}],"replies":[{"embeddable":true,"href":"https:\/\/www.carmelocelona.com\/index.php\/wp-json\/wp\/v2\/comments?post=2"}],"version-history":[{"count":10,"href":"https:\/\/www.carmelocelona.com\/index.php\/wp-json\/wp\/v2\/pages\/2\/revisions"}],"predecessor-version":[{"id":1577,"href":"https:\/\/www.carmelocelona.com\/index.php\/wp-json\/wp\/v2\/pages\/2\/revisions\/1577"}],"wp:attachment":[{"href":"https:\/\/www.carmelocelona.com\/index.php\/wp-json\/wp\/v2\/media?parent=2"}],"curies":[{"name":"wp","href":"https:\/\/api.w.org\/{rel}","templated":true}]}}